{"id":3296,"date":"2024-04-17T15:01:58","date_gmt":"2024-04-17T22:01:58","guid":{"rendered":"https:\/\/www.thulieu.com\/?page_id=3296"},"modified":"2024-04-17T15:52:04","modified_gmt":"2024-04-17T22:52:04","slug":"shop","status":"publish","type":"page","link":"https:\/\/www.thulieu.com\/?page_id=3296","title":{"rendered":"Shop"},"content":{"rendered":"<h3 style=\"text-align: center;\">Book Covers, premade and custom designed by Lieu Pham<\/h3>\n<h3 id=\"tw-target-text\" class=\"tw-data-text tw-text-large tw-ta\" dir=\"ltr\" style=\"text-align: center;\" data-placeholder=\"Translation\" aria-label=\"Translated text\" data-ved=\"2ahUKEwiSkrqipbqFAxX1KEQIHQKfA9YQ3ewLegQIBRAU\"><span class=\"Y2IQFc\" lang=\"vi\">B\u00eca s\u00e1ch \u0111\u01b0\u1ee3c thi\u1ebft k\u1ebf s\u1eb5n v\u00e0 theo y\u00eau c\u1ea7u c\u1ee7a Li\u1ec5u Ph\u1ea1m<\/span><\/h3>\n<p>&nbsp;<\/p>\n<p><a href=\"https:\/\/www.covertopia.com\" rel=\"noopener\" target=\"_blank\"><img loading=\"lazy\" decoding=\"async\" class=\"aligncenter size-full wp-image-3300\" src=\"https:\/\/www.thulieu.com\/wp-content\/uploads\/2024\/04\/Cover_Topia_Book_Logo_With_Font-1.png\" alt=\"\" width=\"503\" height=\"94\" srcset=\"https:\/\/www.thulieu.com\/wp-content\/uploads\/2024\/04\/Cover_Topia_Book_Logo_With_Font-1.png 503w, https:\/\/www.thulieu.com\/wp-content\/uploads\/2024\/04\/Cover_Topia_Book_Logo_With_Font-1-300x56.png 300w, https:\/\/www.thulieu.com\/wp-content\/uploads\/2024\/04\/Cover_Topia_Book_Logo_With_Font-1-485x91.png 485w\" sizes=\"auto, (max-width: 503px) 100vw, 503px\" \/><\/a><\/p>\n","protected":false},"excerpt":{"rendered":"<p>Book Covers, premade and custom designed by Lieu Pham B\u00eca s\u00e1ch \u0111\u01b0\u1ee3c thi\u1ebft k\u1ebf s\u1eb5n v\u00e0 theo y\u00eau c\u1ea7u c\u1ee7a Li\u1ec5u Ph\u1ea1m &nbsp;<\/p>\n","protected":false},"author":1,"featured_media":0,"parent":0,"menu_order":0,"comment_status":"closed","ping_status":"closed","template":"","meta":{"_exactmetrics_skip_tracking":false,"_exactmetrics_sitenote_active":false,"_exactmetrics_sitenote_note":"","_exactmetrics_sitenote_category":0,"footnotes":""},"class_list":["post-3296","page","type-page","status-publish","hentry"],"_links":{"self":[{"href":"https:\/\/www.thulieu.com\/index.php?rest_route=\/wp\/v2\/pages\/3296","targetHints":{"allow":["GET"]}}],"collection":[{"href":"https:\/\/www.thulieu.com\/index.php?rest_route=\/wp\/v2\/pages"}],"about":[{"href":"https:\/\/www.thulieu.com\/index.php?rest_route=\/wp\/v2\/types\/page"}],"author":[{"embeddable":true,"href":"https:\/\/www.thulieu.com\/index.php?rest_route=\/wp\/v2\/users\/1"}],"replies":[{"embeddable":true,"href":"https:\/\/www.thulieu.com\/index.php?rest_route=%2Fwp%2Fv2%2Fcomments&post=3296"}],"version-history":[{"count":7,"href":"https:\/\/www.thulieu.com\/index.php?rest_route=\/wp\/v2\/pages\/3296\/revisions"}],"predecessor-version":[{"id":3310,"href":"https:\/\/www.thulieu.com\/index.php?rest_route=\/wp\/v2\/pages\/3296\/revisions\/3310"}],"wp:attachment":[{"href":"https:\/\/www.thulieu.com\/index.php?rest_route=%2Fwp%2Fv2%2Fmedia&parent=3296"}],"curies":[{"name":"wp","href":"https:\/\/api.w.org\/{rel}","templated":true}]}}