{"id":2504,"date":"2024-03-09T22:37:26","date_gmt":"2024-03-09T22:37:26","guid":{"rendered":"https:\/\/www.thulieu.com\/?page_id=2504"},"modified":"2024-05-20T22:05:14","modified_gmt":"2024-05-21T05:05:14","slug":"italy","status":"publish","type":"page","link":"https:\/\/www.thulieu.com\/?page_id=2504","title":{"rendered":"ITALY"},"content":{"rendered":"<div class=\"one\" >\n<div class=\"page_content_wrapper\">\n<div class=\"inner\">\n<div class=\"blog_grid_wrapper\">\n<div id=\"post-2692\" class=\"post type-post\">\n<div class=\"post_wrapper grid_layout\">\n<div class=\"post_img\">\n\t\t\t\t\t    <a href=\"https:\/\/www.thulieu.com\/?p=2692\"><br \/>\n\t\t\t\t\t    \t<img decoding=\"async\" src=\"https:\/\/www.thulieu.com\/wp-content\/uploads\/2024\/03\/Travel_banner_Venice_001-485x485.jpg\" alt=\"\" class=\"\"\/><br \/>\n\t\t\t\t\t    <\/a>\n\t\t\t\t\t<\/div>\n<div class=\"post_header grid_layout\">\n<div class=\"post_subtitle\"><a href=\"https:\/\/www.thulieu.com\/?cat=49\">Italy<\/a>&nbsp;<a href=\"https:\/\/www.thulieu.com\/?cat=4\">Travel<\/a>&nbsp;<\/div>\n<h5><a href=\"https:\/\/www.thulieu.com\/?p=2692\" title=\"Venice\">Venice<\/a><\/h5>\n<div class=\"post_detail\">March 13, 2024&nbsp;by&nbsp;<a href=\"http:\/\/www.thulieu.com\">thulieu<\/a>&nbsp;<\/div>\n<\/div>\n<p><br class=\"clear\"\/><br \/>Sau khi th\u0103m gia \u0111\u00ecnh \u1edf \u0110\u1ee9c, ch\u00fang t\u00f4i b\u1eaft \u0111\u1ea7u h\u00e0nh tr\u00ecnh du ngo\u1ea1n \u0111\u01b0\u1eddng d\u00e0i,&#8230;<\/p>\n<p>\n\t\t\t\t    \t\t<a class=\"readmore button transparent\" href=\"https:\/\/www.thulieu.com\/?p=2692\">Read More<\/a>\n\t\t\t    <\/div>\n<\/p><\/div>\n<\/div>\n<p><br class=\"clear\"\/><\/div>\n<\/div>\n<\/div>\n","protected":false},"excerpt":{"rendered":"<p>Italy&nbsp;Travel&nbsp; Venice March 13, 2024&nbsp;by&nbsp;thulieu&nbsp; Sau khi th\u0103m gia \u0111\u00ecnh \u1edf \u0110\u1ee9c, ch\u00fang t\u00f4i b\u1eaft \u0111\u1ea7u h\u00e0nh tr\u00ecnh du ngo\u1ea1n \u0111\u01b0\u1eddng d\u00e0i,&#8230; Read More<\/p>\n","protected":false},"author":1,"featured_media":0,"parent":0,"menu_order":0,"comment_status":"closed","ping_status":"closed","template":"","meta":{"_exactmetrics_skip_tracking":false,"_exactmetrics_sitenote_active":false,"_exactmetrics_sitenote_note":"","_exactmetrics_sitenote_category":0,"footnotes":""},"class_list":["post-2504","page","type-page","status-publish","hentry"],"_links":{"self":[{"href":"https:\/\/www.thulieu.com\/index.php?rest_route=\/wp\/v2\/pages\/2504","targetHints":{"allow":["GET"]}}],"collection":[{"href":"https:\/\/www.thulieu.com\/index.php?rest_route=\/wp\/v2\/pages"}],"about":[{"href":"https:\/\/www.thulieu.com\/index.php?rest_route=\/wp\/v2\/types\/page"}],"author":[{"embeddable":true,"href":"https:\/\/www.thulieu.com\/index.php?rest_route=\/wp\/v2\/users\/1"}],"replies":[{"embeddable":true,"href":"https:\/\/www.thulieu.com\/index.php?rest_route=%2Fwp%2Fv2%2Fcomments&post=2504"}],"version-history":[{"count":6,"href":"https:\/\/www.thulieu.com\/index.php?rest_route=\/wp\/v2\/pages\/2504\/revisions"}],"predecessor-version":[{"id":3198,"href":"https:\/\/www.thulieu.com\/index.php?rest_route=\/wp\/v2\/pages\/2504\/revisions\/3198"}],"wp:attachment":[{"href":"https:\/\/www.thulieu.com\/index.php?rest_route=%2Fwp%2Fv2%2Fmedia&parent=2504"}],"curies":[{"name":"wp","href":"https:\/\/api.w.org\/{rel}","templated":true}]}}