{"id":2408,"date":"2024-03-08T21:04:34","date_gmt":"2024-03-08T21:04:34","guid":{"rendered":"https:\/\/www.thulieu.com\/?page_id=2408"},"modified":"2024-05-16T10:44:23","modified_gmt":"2024-05-16T17:44:23","slug":"abra-ca-dish-ra-bep-me","status":"publish","type":"page","link":"https:\/\/www.thulieu.com\/?page_id=2408","title":{"rendered":"ABRA-CA-DISH-RA (B\u1ebeP ME)"},"content":{"rendered":"<div class=\"one\" >\n<div class=\"page_content_wrapper\">\n<div class=\"inner\">\n<p>Kh\u00e1ch \u0111i ngang ch\u1eafc b\u1ea3o &#8220;g\u00ec m\u00e0 g\u00f3c b\u1ebfp c\u00f3 c\u00e2u th\u1ea7n ch\u00fa trong \u0111\u00f3 n\u1eefa?&#8221;<\/p>\n<p>M\u1eddi Kh\u00e1ch d\u00f9ng tr\u00e0, thong th\u1ea3 nghe TL gi\u1ea3i th\u00edch &#8220;ti\u1ec3u s\u1eed&#8221; c\u1ee7a t\u00ean g\u00f3c b\u1ebfp nha. &#8220;B\u1ebfp-Me Abra-Ca-Dish-Ra&#8221; do Me nh\u1ea1i ra t\u1eeb ch\u1eef  \u201cabracadabra\u201d c\u1ee7a c\u00e1c nh\u00e0 \u1ea3o thu\u1eadt hay d\u00f9ng, d\u1ecbch \u0111\u1ea1i kh\u00e1i l\u00e0 \u201ch\u00f4 bi\u1ebfn\u201d. Danh t\u1eeb &#8220;Me&#8221; l\u00e0 t\u00ean TL d\u00f9ng tr\u00ean m\u1ea1ng x\u00e3 h\u1ed9i trong c\u00e1c ph\u1ed1 \u1ea3o (Internet forums) t\u1eeb h\u01a1n hai m\u01b0\u01a1i n\u0103m nay. Me \u0111\u00e2y l\u00e0 me chua, me ng\u1ecdt, me ng\u00e0o v\u00e0 nguy\u00ean th\u1ee7y ngu\u1ed3n g\u1ed1c l\u00e0 me-chua-mu\u1ed1i-\u1edbt.<\/p>\n<p><center><a class=\"button small center\" onclick=\"window.open('https:\/\/www.thulieu.com\/?p=2446', '_self')\">\u0110\u1ecdc ti\u1ebfp \u1edf \u0111\u00e2y<\/a><\/center><\/p>\n<\/div>\n<\/div>\n<\/div>\n<div class=\"one\" >\n<div class=\"page_content_wrapper\">\n<div class=\"inner\">\n<div class=\"blog_grid_wrapper\">\n<div id=\"post-3628\" class=\"post type-post\">\n<div class=\"post_wrapper grid_layout\">\n<div class=\"post_img\">\n\t\t\t\t\t    <a href=\"https:\/\/www.thulieu.com\/?p=3628\"><br \/>\n\t\t\t\t\t    \t<img decoding=\"async\" src=\"https:\/\/www.thulieu.com\/wp-content\/uploads\/2024\/05\/pinwheel_roast_beef_007-485x485.jpg\" alt=\"\" class=\"\"\/><br \/>\n\t\t\t\t\t    <\/a>\n\t\t\t\t\t<\/div>\n<div class=\"post_header grid_layout\">\n<div class=\"post_subtitle\"><a href=\"https:\/\/www.thulieu.com\/?cat=30\">Abra-ca-Dish-ra<\/a>&nbsp;<\/div>\n<h5><a href=\"https:\/\/www.thulieu.com\/?p=3628\" title=\"\u0102n Ch\u01a1i &#8211; Khai V\u1ecb &#8211; Pinwheel Roll Up\">\u0102n Ch\u01a1i &#8211; Khai V\u1ecb &#8211; Pinwheel Roll Up<\/a><\/h5>\n<div class=\"post_detail\">May 15, 2024&nbsp;by&nbsp;<a href=\"http:\/\/www.thulieu.com\">thulieu<\/a>&nbsp;<\/div>\n<\/div>\n<p><br class=\"clear\"\/><br \/>M\u00f3n khai v\u1ecb &#8220;pinwheel rollup&#8221; l\u00e0 m\u1ed9t lo\u1ea1i cu\u1ed1n b\u00e1nh c\u00f3 th\u1ecbt c\u00f3 rau, c\u00f3 cheese&#8230;<\/p>\n<p>\n\t\t\t\t    \t\t<a class=\"readmore button transparent\" href=\"https:\/\/www.thulieu.com\/?p=3628\">Read More<\/a>\n\t\t\t    <\/div>\n<\/p><\/div>\n<div id=\"post-3598\" class=\"post type-post\">\n<div class=\"post_wrapper grid_layout\">\n<div class=\"post_img\">\n\t\t\t\t\t    <a href=\"https:\/\/www.thulieu.com\/?p=3598\"><br \/>\n\t\t\t\t\t    \t<img decoding=\"async\" src=\"https:\/\/www.thulieu.com\/wp-content\/uploads\/2024\/05\/Cai_lan_xao_002-485x485.jpg\" alt=\"\" class=\"\"\/><br \/>\n\t\t\t\t\t    <\/a>\n\t\t\t\t\t<\/div>\n<div class=\"post_header grid_layout\">\n<div class=\"post_subtitle\"><a href=\"https:\/\/www.thulieu.com\/?cat=30\">Abra-ca-Dish-ra<\/a>&nbsp;<\/div>\n<h5><a href=\"https:\/\/www.thulieu.com\/?p=3598\" title=\"Rau xanh- \u0110\u1eadu x\u00e0o t\u1ecfi\">Rau xanh- \u0110\u1eadu x\u00e0o t\u1ecfi<\/a><\/h5>\n<div class=\"post_detail\">May 13, 2024&nbsp;by&nbsp;<a href=\"http:\/\/www.thulieu.com\">thulieu<\/a>&nbsp;<\/div>\n<\/div>\n<p><br class=\"clear\"\/><br \/>Nh\u00e0 Me th\u01b0\u1eddng d\u00f9ng rau xanh x\u00e0o t\u1ecfi chung v\u1edbi c\u00e1c m\u00f3n m\u1eb7n kh\u00e1c khi \u0103n c\u01a1m. \u0110\u00f4i khi th\u00eam&#8230;<\/p>\n<p>\n\t\t\t\t    \t\t<a class=\"readmore button transparent\" href=\"https:\/\/www.thulieu.com\/?p=3598\">Read More<\/a>\n\t\t\t    <\/div>\n<\/p><\/div>\n<div id=\"post-3579\" class=\"post type-post\">\n<div class=\"post_wrapper grid_layout\">\n<div class=\"post_img\">\n\t\t\t\t\t    <a href=\"https:\/\/www.thulieu.com\/?p=3579\"><br \/>\n\t\t\t\t\t    \t<img decoding=\"async\" src=\"https:\/\/www.thulieu.com\/wp-content\/uploads\/2024\/05\/apple_tart_003-485x407.jpg\" alt=\"\" class=\"\"\/><br \/>\n\t\t\t\t\t    <\/a>\n\t\t\t\t\t<\/div>\n<div class=\"post_header grid_layout\">\n<div class=\"post_subtitle\"><a href=\"https:\/\/www.thulieu.com\/?cat=30\">Abra-ca-Dish-ra<\/a>&nbsp;<\/div>\n<h5><a href=\"https:\/\/www.thulieu.com\/?p=3579\" title=\"Apple Tart (Ki\u1ec3u&#8230; l\u01b0\u01a1i huy\u1ec1n)\">Apple Tart (Ki\u1ec3u&#8230; l\u01b0\u01a1i huy\u1ec1n)<\/a><\/h5>\n<div class=\"post_detail\">May 13, 2024&nbsp;by&nbsp;<a href=\"http:\/\/www.thulieu.com\">thulieu<\/a>&nbsp;<\/div>\n<\/div>\n<p><br class=\"clear\"\/><br \/>Nguy\u00ean Li\u1ec7u: 1 h\u1ed9p Puff pastry dough \u0111\u00f4ng l\u1ea1nh. Trong \u0111\u00f3 c\u00f3 2 mi\u1ebfng b\u1ed9t, m\u1ed7i mi\u1ebfng&#8230;<\/p>\n<p>\n\t\t\t\t    \t\t<a class=\"readmore button transparent\" href=\"https:\/\/www.thulieu.com\/?p=3579\">Read More<\/a>\n\t\t\t    <\/div>\n<\/p><\/div>\n<div id=\"post-3572\" class=\"post type-post\">\n<div class=\"post_wrapper grid_layout\">\n<div class=\"post_img\">\n\t\t\t\t\t    <a href=\"https:\/\/www.thulieu.com\/?p=3572\"><br \/>\n\t\t\t\t\t    \t<img decoding=\"async\" src=\"https:\/\/www.thulieu.com\/wp-content\/uploads\/2024\/05\/Ga_xao_sa_ot_002-485x485.jpg\" alt=\"\" class=\"\"\/><br \/>\n\t\t\t\t\t    <\/a>\n\t\t\t\t\t<\/div>\n<div class=\"post_header grid_layout\">\n<div class=\"post_subtitle\"><a href=\"https:\/\/www.thulieu.com\/?cat=30\">Abra-ca-Dish-ra<\/a>&nbsp;<\/div>\n<h5><a href=\"https:\/\/www.thulieu.com\/?p=3572\" title=\"\u1ee8c g\u00e0 x\u00e0o s\u1ea3 \u1edbt\">\u1ee8c g\u00e0 x\u00e0o s\u1ea3 \u1edbt<\/a><\/h5>\n<div class=\"post_detail\">May 6, 2024&nbsp;by&nbsp;<a href=\"http:\/\/www.thulieu.com\">thulieu<\/a>&nbsp;<\/div>\n<\/div>\n<p><br class=\"clear\"\/><br \/>\u1ee8c g\u00e0 to\u00e0n n\u1ea1c, h\u1ea5p v\u1edbi lu\u1ed9c \u0103n mu\u1ed1i chanh g\u1eebng ng\u00e1n, \u0111em x\u00e0o v\u1edbi s\u1ea3 \u1edbt d\u00f9ng&#8230;<\/p>\n<p>\n\t\t\t\t    \t\t<a class=\"readmore button transparent\" href=\"https:\/\/www.thulieu.com\/?p=3572\">Read More<\/a>\n\t\t\t    <\/div>\n<\/p><\/div>\n<div id=\"post-3558\" class=\"post type-post\">\n<div class=\"post_wrapper grid_layout\">\n<div class=\"post_img\">\n\t\t\t\t\t    <a href=\"https:\/\/www.thulieu.com\/?p=3558\"><br \/>\n\t\t\t\t\t    \t<img decoding=\"async\" src=\"https:\/\/www.thulieu.com\/wp-content\/uploads\/2024\/05\/Che_dau_xanh_001-485x485.jpg\" alt=\"\" class=\"\"\/><br \/>\n\t\t\t\t\t    <\/a>\n\t\t\t\t\t<\/div>\n<div class=\"post_header grid_layout\">\n<div class=\"post_subtitle\"><a href=\"https:\/\/www.thulieu.com\/?cat=30\">Abra-ca-Dish-ra<\/a>&nbsp;<\/div>\n<h5><a href=\"https:\/\/www.thulieu.com\/?p=3558\" title=\"C\u00e1ch n\u1ea5u ch\u00e8 \u0111\u1eadu xanh, \u0111\u1eadu \u0111\u1ecf, \u0111\u1eadu \u0111en, \u0111\u01a1n gi\u1ea3n\">C\u00e1ch n\u1ea5u ch\u00e8 \u0111\u1eadu xanh, \u0111\u1eadu \u0111\u1ecf, \u0111\u1eadu \u0111en, \u0111\u01a1n gi\u1ea3n<\/a><\/h5>\n<div class=\"post_detail\">April 26, 2024&nbsp;by&nbsp;<a href=\"http:\/\/www.thulieu.com\">thulieu<\/a>&nbsp;<\/div>\n<\/div>\n<p><br class=\"clear\"\/><br \/>Nh\u1eefng m\u00f3n ch\u00e8 n\u01b0\u1edbc r\u1ea5t d\u1ec5 n\u1ea5u v\u00e0 mua v\u1eadt li\u1ec7u c\u0169ng d\u1ec5 l\u00e0 ch\u00e8 \u0111\u1eadu xanh, ch\u00e8&#8230;<\/p>\n<p>\n\t\t\t\t    \t\t<a class=\"readmore button transparent\" href=\"https:\/\/www.thulieu.com\/?p=3558\">Read More<\/a>\n\t\t\t    <\/div>\n<\/p><\/div>\n<div id=\"post-3345\" class=\"post type-post\">\n<div class=\"post_wrapper grid_layout\">\n<div class=\"post_img\">\n\t\t\t\t\t    <a href=\"https:\/\/www.thulieu.com\/?p=3345\"><br \/>\n\t\t\t\t\t    \t<img decoding=\"async\" src=\"https:\/\/www.thulieu.com\/wp-content\/uploads\/2024\/04\/Rouladen_006-485x485.jpg\" alt=\"\" class=\"\"\/><br \/>\n\t\t\t\t\t    <\/a>\n\t\t\t\t\t<\/div>\n<div class=\"post_header grid_layout\">\n<div class=\"post_subtitle\"><a href=\"https:\/\/www.thulieu.com\/?cat=30\">Abra-ca-Dish-ra<\/a>&nbsp;<\/div>\n<h5><a href=\"https:\/\/www.thulieu.com\/?p=3345\" title=\"Rouladen &#8211; B\u00f2 Cu\u1ed1n Ki\u1ec3u \u0110\u1ee9c\">Rouladen &#8211; B\u00f2 Cu\u1ed1n Ki\u1ec3u \u0110\u1ee9c<\/a><\/h5>\n<div class=\"post_detail\">April 20, 2024&nbsp;by&nbsp;<a href=\"http:\/\/www.thulieu.com\">thulieu<\/a>&nbsp;<\/div>\n<\/div>\n<p><br class=\"clear\"\/><br \/>Th\u1ecbt b\u00f2 cu\u1ed1n v\u1edbi rau c\u1ee7 \u1edbt \u0111\u1ecf, c\u00e0 r\u1ed1t, d\u01b0a leo mu\u1ed1i chua (pickle), h\u00e0nh t\u00e2y v\u00e0 th\u1ecbt&#8230;<\/p>\n<p>\n\t\t\t\t    \t\t<a class=\"readmore button transparent\" href=\"https:\/\/www.thulieu.com\/?p=3345\">Read More<\/a>\n\t\t\t    <\/div>\n<\/p><\/div>\n<div id=\"post-3214\" class=\"post type-post\">\n<div class=\"post_wrapper grid_layout\">\n<div class=\"post_img\">\n\t\t\t\t\t    <a href=\"https:\/\/www.thulieu.com\/?p=3214\"><br \/>\n\t\t\t\t\t    \t<img decoding=\"async\" src=\"https:\/\/www.thulieu.com\/wp-content\/uploads\/2024\/04\/Bung_oc_004-485x485.jpg\" alt=\"\" class=\"\"\/><br \/>\n\t\t\t\t\t    <\/a>\n\t\t\t\t\t<\/div>\n<div class=\"post_header grid_layout\">\n<div class=\"post_subtitle\"><a href=\"https:\/\/www.thulieu.com\/?cat=30\">Abra-ca-Dish-ra<\/a>&nbsp;<\/div>\n<h5><a href=\"https:\/\/www.thulieu.com\/?p=3214\" title=\"&#8220;\u1ed0c Om&#8230; Tr\u1ed9n C\u00e0 Bung&#8221;\">&#8220;\u1ed0c Om&#8230; Tr\u1ed9n C\u00e0 Bung&#8221;<\/a><\/h5>\n<div class=\"post_detail\">April 13, 2024&nbsp;by&nbsp;<a href=\"http:\/\/www.thulieu.com\">thulieu<\/a>&nbsp;<\/div>\n<\/div>\n<p><br class=\"clear\"\/><br \/>\u1ed0c om v\u1edbi chu\u1ed1i \u0111\u1eadu hay \u1ed1c n\u1ea5u chu\u1ed1i \u0111\u1eadu, Me th\u00eam c\u00e0 chua v\u1edbi c\u00e0 t\u00edm th\u00e0nh m\u00f3n&#8230;<\/p>\n<p>\n\t\t\t\t    \t\t<a class=\"readmore button transparent\" href=\"https:\/\/www.thulieu.com\/?p=3214\">Read More<\/a>\n\t\t\t    <\/div>\n<\/p><\/div>\n<div id=\"post-3420\" class=\"post type-post\">\n<div class=\"post_wrapper grid_layout\">\n<div class=\"post_img\">\n\t\t\t\t\t    <a href=\"https:\/\/www.thulieu.com\/?p=3420\"><br \/>\n\t\t\t\t\t    \t<img decoding=\"async\" src=\"https:\/\/www.thulieu.com\/wp-content\/uploads\/2024\/05\/banh_ngoi_008-485x485.jpg\" alt=\"\" class=\"\"\/><br \/>\n\t\t\t\t\t    <\/a>\n\t\t\t\t\t<\/div>\n<div class=\"post_header grid_layout\">\n<div class=\"post_subtitle\"><a href=\"https:\/\/www.thulieu.com\/?cat=30\">Abra-ca-Dish-ra<\/a>&nbsp;<\/div>\n<h5><a href=\"https:\/\/www.thulieu.com\/?p=3420\" title=\"B\u00e1nh M\u00e1i Ng\u00f3i\">B\u00e1nh M\u00e1i Ng\u00f3i<\/a><\/h5>\n<div class=\"post_detail\">April 8, 2024&nbsp;by&nbsp;<a href=\"http:\/\/www.thulieu.com\">thulieu<\/a>&nbsp;<\/div>\n<\/div>\n<p><br class=\"clear\"\/><br \/>B\u00e1nh (cookies) d\u00f9ng chung v\u1edbi c\u00e0 ph\u00ea hay tr\u00e0, c\u00f3 l\u1ebd c\u1ea3 nh\u00e0 Me th\u00edch nh\u1ea5t l\u00e0 b\u00e1nh m\u00e1i&#8230;<\/p>\n<p>\n\t\t\t\t    \t\t<a class=\"readmore button transparent\" href=\"https:\/\/www.thulieu.com\/?p=3420\">Read More<\/a>\n\t\t\t    <\/div>\n<\/p><\/div>\n<div id=\"post-3652\" class=\"post type-post\">\n<div class=\"post_wrapper grid_layout\">\n<div class=\"post_img\">\n\t\t\t\t\t    <a href=\"https:\/\/www.thulieu.com\/?p=3652\"><br \/>\n\t\t\t\t\t    \t<img decoding=\"async\" src=\"https:\/\/www.thulieu.com\/wp-content\/uploads\/2024\/05\/tomchien_1-485x485.jpg\" alt=\"\" class=\"\"\/><br \/>\n\t\t\t\t\t    <\/a>\n\t\t\t\t\t<\/div>\n<div class=\"post_header grid_layout\">\n<div class=\"post_subtitle\"><a href=\"https:\/\/www.thulieu.com\/?cat=30\">Abra-ca-Dish-ra<\/a>&nbsp;<\/div>\n<h5><a href=\"https:\/\/www.thulieu.com\/?p=3652\" title=\"Salad Tr\u1ee9ng\">Salad Tr\u1ee9ng<\/a><\/h5>\n<div class=\"post_detail\">April 4, 2024&nbsp;by&nbsp;<a href=\"http:\/\/www.thulieu.com\">thulieu<\/a>&nbsp;<\/div>\n<\/div>\n<p><br class=\"clear\"\/><br \/>Sau l\u1ec5 Ph\u1ee5c Sinh l\u00e0 c\u00f2n bao nhi\u00eau tr\u1ee9ng lu\u1ed9c ph\u1ea3i &#8220;thanh to\u00e1n&#8221;. Tr\u1ee9ng \u0111\u00e3&#8230;<\/p>\n<p>\n\t\t\t\t    \t\t<a class=\"readmore button transparent\" href=\"https:\/\/www.thulieu.com\/?p=3652\">Read More<\/a>\n\t\t\t    <\/div>\n<\/p><\/div>\n<div id=\"post-3390\" class=\"post type-post\">\n<div class=\"post_wrapper grid_layout\">\n<div class=\"post_img\">\n\t\t\t\t\t    <a href=\"https:\/\/www.thulieu.com\/?p=3390\"><br \/>\n\t\t\t\t\t    \t<img decoding=\"async\" src=\"https:\/\/www.thulieu.com\/wp-content\/uploads\/2024\/04\/Ca_nuong_001-485x485.jpg\" alt=\"\" class=\"\"\/><br \/>\n\t\t\t\t\t    <\/a>\n\t\t\t\t\t<\/div>\n<div class=\"post_header grid_layout\">\n<div class=\"post_subtitle\"><a href=\"https:\/\/www.thulieu.com\/?cat=30\">Abra-ca-Dish-ra<\/a>&nbsp;<a href=\"https:\/\/www.thulieu.com\/?cat=22\">T\u00f9y B\u00fat<\/a>&nbsp;<\/div>\n<h5><a href=\"https:\/\/www.thulieu.com\/?p=3390\" title=\"C\u00e1 N\u01b0\u1edbng\">C\u00e1 N\u01b0\u1edbng<\/a><\/h5>\n<div class=\"post_detail\">April 1, 2024&nbsp;by&nbsp;<a href=\"http:\/\/www.thulieu.com\">thulieu<\/a>&nbsp;<\/div>\n<\/div>\n<p><br class=\"clear\"\/><br \/>Me \u1edf g\u1ea7n bi\u1ec3n, kh\u00ed h\u1eadu n\u01a1i \u0111\u00e2y kh\u00f4ng qu\u00e1 n\u00f3ng n\u1ef1c v\u00e0 m\u00f9a \u0110\u00f4ng c\u0169ng kh\u00f4ng qu\u00e1&#8230;<\/p>\n<p>\n\t\t\t\t    \t\t<a class=\"readmore button transparent\" href=\"https:\/\/www.thulieu.com\/?p=3390\">Read More<\/a>\n\t\t\t    <\/div>\n<\/p><\/div>\n<div id=\"post-2967\" class=\"post type-post\">\n<div class=\"post_wrapper grid_layout\">\n<div class=\"post_img\">\n\t\t\t\t\t    <a href=\"https:\/\/www.thulieu.com\/?p=2967\"><br \/>\n\t\t\t\t\t    \t<img decoding=\"async\" src=\"https:\/\/www.thulieu.com\/wp-content\/uploads\/2024\/03\/Dau_hu_chien_xu_005-485x485.jpg\" alt=\"\" class=\"\"\/><br \/>\n\t\t\t\t\t    <\/a>\n\t\t\t\t\t<\/div>\n<div class=\"post_header grid_layout\">\n<div class=\"post_subtitle\"><a href=\"https:\/\/www.thulieu.com\/?cat=30\">Abra-ca-Dish-ra<\/a>&nbsp;<\/div>\n<h5><a href=\"https:\/\/www.thulieu.com\/?p=2967\" title=\"M\u00f9a Chay Th\u1eed M\u00f3n \u0110\u1eadu Ph\u1ee5 Chi\u00ean X\u00f9\">M\u00f9a Chay Th\u1eed M\u00f3n \u0110\u1eadu Ph\u1ee5 Chi\u00ean X\u00f9<\/a><\/h5>\n<div class=\"post_detail\">March 25, 2024&nbsp;by&nbsp;<a href=\"http:\/\/www.thulieu.com\">thulieu<\/a>&nbsp;<\/div>\n<\/div>\n<p><br class=\"clear\"\/><br \/>Khi r\u1ea3nh rang v\u00e0 ph\u1ee5ng th\u1ec3 an khang, m\u00f9a tr\u0103ng tr\u00f2n, Me th\u01b0\u1eddng x\u00e1ch m\u00e1y lang thang trong&#8230;<\/p>\n<p>\n\t\t\t\t    \t\t<a class=\"readmore button transparent\" href=\"https:\/\/www.thulieu.com\/?p=2967\">Read More<\/a>\n\t\t\t    <\/div>\n<\/p><\/div>\n<div id=\"post-2883\" class=\"post type-post\">\n<div class=\"post_wrapper grid_layout\">\n<div class=\"post_img\">\n\t\t\t\t\t    <a href=\"https:\/\/www.thulieu.com\/?p=2883\"><br \/>\n\t\t\t\t\t    \t<img decoding=\"async\" src=\"https:\/\/www.thulieu.com\/wp-content\/uploads\/2024\/03\/Bobia_007-485x485.jpg\" alt=\"\" class=\"\"\/><br \/>\n\t\t\t\t\t    <\/a>\n\t\t\t\t\t<\/div>\n<div class=\"post_header grid_layout\">\n<div class=\"post_subtitle\"><a href=\"https:\/\/www.thulieu.com\/?cat=30\">Abra-ca-Dish-ra<\/a>&nbsp;<a href=\"https:\/\/www.thulieu.com\/?cat=22\">T\u00f9y B\u00fat<\/a>&nbsp;<\/div>\n<h5><a href=\"https:\/\/www.thulieu.com\/?p=2883\" title=\"B\u00d2 B\u00cdA\">B\u00d2 B\u00cdA<\/a><\/h5>\n<div class=\"post_detail\">March 16, 2024&nbsp;by&nbsp;<a href=\"http:\/\/www.thulieu.com\">thulieu<\/a>&nbsp;<\/div>\n<\/div>\n<p><br class=\"clear\"\/><br \/>Ng\u1ed3i so\u1ea1n t\u00ecm h\u00ecnh cho b\u00e0i th\u01a1 c\u1ed5 l\u1ed7 s\u0129 n\u0103m m\u1ed9t ng\u00e0n t\u1eadp t\u00e0nh l\u00e0m th\u01a1, th\u1ea5y t\u1ea5m&#8230;<\/p>\n<p>\n\t\t\t\t    \t\t<a class=\"readmore button transparent\" href=\"https:\/\/www.thulieu.com\/?p=2883\">Read More<\/a>\n\t\t\t    <\/div>\n<\/p><\/div>\n<div id=\"post-2412\" class=\"post type-post\">\n<div class=\"post_wrapper grid_layout\">\n<div class=\"post_img\">\n\t\t\t\t\t    <a href=\"https:\/\/www.thulieu.com\/?p=2412\"><br \/>\n\t\t\t\t\t    \t<img decoding=\"async\" src=\"https:\/\/www.thulieu.com\/wp-content\/uploads\/2024\/03\/Che_dau_001-485x485.jpg\" alt=\"\" class=\"\"\/><br \/>\n\t\t\t\t\t    <\/a>\n\t\t\t\t\t<\/div>\n<div class=\"post_header grid_layout\">\n<div class=\"post_subtitle\"><a href=\"https:\/\/www.thulieu.com\/?cat=30\">Abra-ca-Dish-ra<\/a>&nbsp;<\/div>\n<h5><a href=\"https:\/\/www.thulieu.com\/?p=2412\" title=\"CH\u00c8 \u0110\u1eacU\">CH\u00c8 \u0110\u1eacU<\/a><\/h5>\n<div class=\"post_detail\">March 9, 2024&nbsp;by&nbsp;<a href=\"http:\/\/www.thulieu.com\">thulieu<\/a>&nbsp;<\/div>\n<\/div>\n<p><br class=\"clear\"\/><br \/>Nh\u00ecn nh\u1eefng h\u1ea1t \u0111\u1eadu \u0111en \u0111i\u1ec3m hoa trong khoanh b\u00e1nh t\u00e9t (c\u1ee7a b\u1ea1n t\u1eb7ng) m\u1edbi c\u1eaft&#8230;<\/p>\n<p>\n\t\t\t\t    \t\t<a class=\"readmore button transparent\" href=\"https:\/\/www.thulieu.com\/?p=2412\">Read More<\/a>\n\t\t\t    <\/div>\n<\/p><\/div>\n<div id=\"post-3372\" class=\"post type-post\">\n<div class=\"post_wrapper grid_layout\">\n<div class=\"post_img\">\n\t\t\t\t\t    <a href=\"https:\/\/www.thulieu.com\/?p=3372\"><br \/>\n\t\t\t\t\t    \t<img decoding=\"async\" src=\"https:\/\/www.thulieu.com\/wp-content\/uploads\/2024\/04\/xoi_dau_phong_002-485x485.jpg\" alt=\"\" class=\"\"\/><br \/>\n\t\t\t\t\t    <\/a>\n\t\t\t\t\t<\/div>\n<div class=\"post_header grid_layout\">\n<div class=\"post_subtitle\"><a href=\"https:\/\/www.thulieu.com\/?cat=30\">Abra-ca-Dish-ra<\/a>&nbsp;<\/div>\n<h5><a href=\"https:\/\/www.thulieu.com\/?p=3372\" title=\"X\u00f4i \u0110\u1eadu Ph\u1ed9ng\">X\u00f4i \u0110\u1eadu Ph\u1ed9ng<\/a><\/h5>\n<div class=\"post_detail\">February 26, 2024&nbsp;by&nbsp;<a href=\"http:\/\/www.thulieu.com\">thulieu<\/a>&nbsp;<\/div>\n<\/div>\n<p><br class=\"clear\"\/><br \/>Me \u00edt c\u00f3 \u0111\u1ee5ng \u0111\u1ebfn n\u1ebfp, nh\u01b0ng th\u1ec9nh tho\u1ea3ng v\u1eabn n\u1ea5u v\u00ec&#8230; nh\u1edb v\u00e0 h\u01a1i th\u00e8m&#8230;<\/p>\n<p>\n\t\t\t\t    \t\t<a class=\"readmore button transparent\" href=\"https:\/\/www.thulieu.com\/?p=3372\">Read More<\/a>\n\t\t\t    <\/div>\n<\/p><\/div>\n<div id=\"post-2454\" class=\"post type-post\">\n<div class=\"post_wrapper grid_layout\">\n<div class=\"post_img\">\n\t\t\t\t\t    <a href=\"https:\/\/www.thulieu.com\/?p=2454\"><br \/>\n\t\t\t\t\t    \t<img decoding=\"async\" src=\"https:\/\/www.thulieu.com\/wp-content\/uploads\/2024\/02\/Banhchung_banhtet_001-485x485.jpg\" alt=\"\" class=\"\"\/><br \/>\n\t\t\t\t\t    <\/a>\n\t\t\t\t\t<\/div>\n<div class=\"post_header grid_layout\">\n<div class=\"post_subtitle\"><a href=\"https:\/\/www.thulieu.com\/?cat=30\">Abra-ca-Dish-ra<\/a>&nbsp;<\/div>\n<h5><a href=\"https:\/\/www.thulieu.com\/?p=2454\" title=\"TH\u1ee8C \u0102N C\u1ee6A NH\u1eeeNG NG\u00c0Y T\u1ebeT\">TH\u1ee8C \u0102N C\u1ee6A NH\u1eeeNG NG\u00c0Y T\u1ebeT<\/a><\/h5>\n<div class=\"post_detail\">February 18, 2024&nbsp;by&nbsp;<a href=\"http:\/\/www.thulieu.com\">thulieu<\/a>&nbsp;<\/div>\n<\/div>\n<p><br class=\"clear\"\/><br \/>T\u1ebft \u0111\u1ebfn Me may m\u1eafn c\u00f3 nhi\u1ec1u ng\u01b0\u1eddi B\u1ea1n d\u1ec5 th\u01b0\u01a1ng mang t\u1eb7ng b\u00e1nh t\u00e9t, b\u00e1nh ch\u01b0ng&#8230;.<\/p>\n<p>\n\t\t\t\t    \t\t<a class=\"readmore button transparent\" href=\"https:\/\/www.thulieu.com\/?p=2454\">Read More<\/a>\n\t\t\t    <\/div>\n<\/p><\/div>\n<div id=\"post-2446\" class=\"post type-post\">\n<div class=\"post_wrapper grid_layout\">\n<div class=\"post_img\">\n\t\t\t\t\t    <a href=\"https:\/\/www.thulieu.com\/?p=2446\"><br \/>\n\t\t\t\t\t    \t<img decoding=\"async\" src=\"https:\/\/www.thulieu.com\/wp-content\/uploads\/2024\/02\/Bep_Me_002-485x485.png\" alt=\"\" class=\"\"\/><br \/>\n\t\t\t\t\t    <\/a>\n\t\t\t\t\t<\/div>\n<div class=\"post_header grid_layout\">\n<div class=\"post_subtitle\"><a href=\"https:\/\/www.thulieu.com\/?cat=30\">Abra-ca-Dish-ra<\/a>&nbsp;<\/div>\n<h5><a href=\"https:\/\/www.thulieu.com\/?p=2446\" title=\"&#8220;Ti\u1ec3u S\u1eed&#8221; C\u1ee7a T\u00ean G\u00f3c B\u1ebfp &#8220;ABRA-CA-DISH-RA (B\u1ebeP ME)\">&#8220;Ti\u1ec3u S\u1eed&#8221; C\u1ee7a T\u00ean G\u00f3c B\u1ebfp &#8220;ABRA-CA-DISH-RA (B\u1ebeP ME)<\/a><\/h5>\n<div class=\"post_detail\">February 16, 2024&nbsp;by&nbsp;<a href=\"http:\/\/www.thulieu.com\">thulieu<\/a>&nbsp;<\/div>\n<\/div>\n<p><br class=\"clear\"\/><br \/>Kh\u00e1ch \u0111i ngang ch\u1eafc b\u1ea3o &#8220;g\u00ec m\u00e0 g\u00f3c b\u1ebfp c\u00f3 c\u00e2u th\u1ea7n ch\u00fa trong \u0111\u00f3 n\u1eefa?&#8221;&#8230;<\/p>\n<p>\n\t\t\t\t    \t\t<a class=\"readmore button transparent\" href=\"https:\/\/www.thulieu.com\/?p=2446\">Read More<\/a>\n\t\t\t    <\/div>\n<\/p><\/div>\n<\/div>\n<p><br class=\"clear\"\/><\/div>\n<\/div>\n<\/div>\n","protected":false},"excerpt":{"rendered":"<p>Kh\u00e1ch \u0111i ngang ch\u1eafc b\u1ea3o &#8220;g\u00ec m\u00e0 g\u00f3c b\u1ebfp c\u00f3 c\u00e2u th\u1ea7n ch\u00fa trong \u0111\u00f3 n\u1eefa?&#8221; M\u1eddi Kh\u00e1ch d\u00f9ng tr\u00e0, thong th\u1ea3 nghe TL gi\u1ea3i th\u00edch &#8220;ti\u1ec3u s\u1eed&#8221; c\u1ee7a t\u00ean g\u00f3c b\u1ebfp nha. &#8220;B\u1ebfp-Me Abra-Ca-Dish-Ra&#8221; do Me nh\u1ea1i ra t\u1eeb ch\u1eef \u201cabracadabra\u201d c\u1ee7a c\u00e1c nh\u00e0 \u1ea3o thu\u1eadt hay d\u00f9ng, d\u1ecbch \u0111\u1ea1i kh\u00e1i l\u00e0 \u201ch\u00f4 bi\u1ebfn\u201d. [&hellip;]<\/p>\n","protected":false},"author":1,"featured_media":0,"parent":0,"menu_order":0,"comment_status":"closed","ping_status":"closed","template":"","meta":{"_exactmetrics_skip_tracking":false,"_exactmetrics_sitenote_active":false,"_exactmetrics_sitenote_note":"","_exactmetrics_sitenote_category":0,"footnotes":""},"class_list":["post-2408","page","type-page","status-publish","hentry"],"_links":{"self":[{"href":"https:\/\/www.thulieu.com\/index.php?rest_route=\/wp\/v2\/pages\/2408","targetHints":{"allow":["GET"]}}],"collection":[{"href":"https:\/\/www.thulieu.com\/index.php?rest_route=\/wp\/v2\/pages"}],"about":[{"href":"https:\/\/www.thulieu.com\/index.php?rest_route=\/wp\/v2\/types\/page"}],"author":[{"embeddable":true,"href":"https:\/\/www.thulieu.com\/index.php?rest_route=\/wp\/v2\/users\/1"}],"replies":[{"embeddable":true,"href":"https:\/\/www.thulieu.com\/index.php?rest_route=%2Fwp%2Fv2%2Fcomments&post=2408"}],"version-history":[{"count":37,"href":"https:\/\/www.thulieu.com\/index.php?rest_route=\/wp\/v2\/pages\/2408\/revisions"}],"predecessor-version":[{"id":3667,"href":"https:\/\/www.thulieu.com\/index.php?rest_route=\/wp\/v2\/pages\/2408\/revisions\/3667"}],"wp:attachment":[{"href":"https:\/\/www.thulieu.com\/index.php?rest_route=%2Fwp%2Fv2%2Fmedia&parent=2408"}],"curies":[{"name":"wp","href":"https:\/\/api.w.org\/{rel}","templated":true}]}}