{"id":2364,"date":"2024-03-07T05:08:22","date_gmt":"2024-03-07T05:08:22","guid":{"rendered":"https:\/\/www.thulieu.com\/?page_id=2364"},"modified":"2024-05-21T10:48:12","modified_gmt":"2024-05-21T17:48:12","slug":"travel-test","status":"publish","type":"page","link":"https:\/\/www.thulieu.com\/?page_id=2364","title":{"rendered":"NH\u1eeeNG N\u01a0I CH\u1ed0N \u0110\u00c3 M\u1ed8T L\u1ea6N D\u1eeaNG CH\u00c2N"},"content":{"rendered":"<div class=\"one\" >\n<div class=\"page_content_wrapper\">\n<div class=\"inner\">\n<p>Du l\u1ecbch ai m\u00e0 l\u1ea1i kh\u00f4ng th\u00edch. \u0110\u1eb7t ch\u00e2n \u0111\u1ebfn n\u01a1i m\u00ecnh ch\u01b0a t\u1eebng \u0111i qua, \u0111\u01b0\u1ee3c \u0103n th\u1eed nh\u1eefng m\u00f3n \u0103n ch\u01b0a t\u1eebng \u0103n, \u0111\u01b0\u1ee3c ng\u1eafm c\u1ea3nh thi\u00ean nhi\u00ean c\u00f9ng ki\u1ebfn tr\u00fac m\u1edbi v\u00e0 c\u1ed5 x\u01b0a. C\u00f3 n\u01a1i m\u00ecnh \u0111\u01b0\u1ee3c th\u00eam ki\u1ebfn th\u1ee9c v\u1ec1 l\u1ecbch s\u1eed v\u1ec1 h\u1ed9i ho\u1ea1, v\u0103n h\u00f3a, c\u00e1ch sinh h\u1ecdat \u0111\u1ecba ph\u01b0\u01a1ng. Thay \u0111\u1ed5i kh\u00f4ng kh\u00ed, kh\u00ed h\u1eadu theo \u00fd mu\u1ed1n, ho\u1eb7c c\u00f3 khi b\u1ea5t ng\u1edd c\u0169ng th\u00fa v\u1ecb kh\u00f4ng k\u00e9m.<br \/>\n\u00a0<br \/>\n<center><a class=\"button small center\" onclick=\"window.open('https:\/\/www.thulieu.com\/?p=3878', '_self')\">\u0110\u1ecdc Ti\u1ebfp \u1ede \u0110\u00e2y<\/a><br \/>\n<\/center><\/p>\n<\/div>\n<\/div>\n<\/div>\n<div class=\"one\" >\n<div class=\"page_content_wrapper\">\n<div class=\"inner\">\n<h2 class=\"ppb_title\">Destinations<\/h2>\n<\/p>\n<div class=\"blog_grid_wrapper isotope\">\n<div class=\"post type-post\">\n<div class=\"post_wrapper grid_layout\">\n<div class=\"post_img\">\n      <a href=\"https:\/\/www.thulieu.com\/?page_id=2504\"><br \/>\n        <img decoding=\"async\" src=\"https:\/\/www.thulieu.com\/wp-content\/uploads\/2024\/03\/Travel_banner_Venice_001-485x485.jpg\" alt=\"\" class=\"\"><br \/>\n      <\/a>\n      <\/div>\n<div class=\"post_header grid_layout\">\n<h5><a href=\"https:\/\/www.thulieu.com\/?page_id=2504\" title=\"ITALY\">ITALY<\/a><\/h5>\n<p>      <br class=\"clear\" \/>\n      <\/div>\n<\/p>\n<\/div>\n<\/div>\n<\/div>\n<\/div>\n<\/div>\n<\/div>\n","protected":false},"excerpt":{"rendered":"<p>Du l\u1ecbch ai m\u00e0 l\u1ea1i kh\u00f4ng th\u00edch. \u0110\u1eb7t ch\u00e2n \u0111\u1ebfn n\u01a1i m\u00ecnh ch\u01b0a t\u1eebng \u0111i qua, \u0111\u01b0\u1ee3c \u0103n th\u1eed nh\u1eefng m\u00f3n \u0103n ch\u01b0a t\u1eebng \u0103n, \u0111\u01b0\u1ee3c ng\u1eafm c\u1ea3nh thi\u00ean nhi\u00ean c\u00f9ng ki\u1ebfn tr\u00fac m\u1edbi v\u00e0 c\u1ed5 x\u01b0a. C\u00f3 n\u01a1i m\u00ecnh \u0111\u01b0\u1ee3c th\u00eam ki\u1ebfn th\u1ee9c v\u1ec1 l\u1ecbch s\u1eed v\u1ec1 h\u1ed9i ho\u1ea1, v\u0103n h\u00f3a, c\u00e1ch sinh h\u1ecdat [&hellip;]<\/p>\n","protected":false},"author":1,"featured_media":0,"parent":0,"menu_order":0,"comment_status":"closed","ping_status":"closed","template":"","meta":{"_exactmetrics_skip_tracking":false,"_exactmetrics_sitenote_active":false,"_exactmetrics_sitenote_note":"","_exactmetrics_sitenote_category":0,"footnotes":""},"class_list":["post-2364","page","type-page","status-publish","hentry"],"_links":{"self":[{"href":"https:\/\/www.thulieu.com\/index.php?rest_route=\/wp\/v2\/pages\/2364","targetHints":{"allow":["GET"]}}],"collection":[{"href":"https:\/\/www.thulieu.com\/index.php?rest_route=\/wp\/v2\/pages"}],"about":[{"href":"https:\/\/www.thulieu.com\/index.php?rest_route=\/wp\/v2\/types\/page"}],"author":[{"embeddable":true,"href":"https:\/\/www.thulieu.com\/index.php?rest_route=\/wp\/v2\/users\/1"}],"replies":[{"embeddable":true,"href":"https:\/\/www.thulieu.com\/index.php?rest_route=%2Fwp%2Fv2%2Fcomments&post=2364"}],"version-history":[{"count":40,"href":"https:\/\/www.thulieu.com\/index.php?rest_route=\/wp\/v2\/pages\/2364\/revisions"}],"predecessor-version":[{"id":3916,"href":"https:\/\/www.thulieu.com\/index.php?rest_route=\/wp\/v2\/pages\/2364\/revisions\/3916"}],"wp:attachment":[{"href":"https:\/\/www.thulieu.com\/index.php?rest_route=%2Fwp%2Fv2%2Fmedia&parent=2364"}],"curies":[{"name":"wp","href":"https:\/\/api.w.org\/{rel}","templated":true}]}}