{"id":1956,"date":"2024-02-11T21:19:42","date_gmt":"2024-02-11T21:19:42","guid":{"rendered":"https:\/\/www.thulieu.com\/?page_id=1956"},"modified":"2024-07-16T10:46:01","modified_gmt":"2024-07-16T17:46:01","slug":"gallery-portal","status":"publish","type":"page","link":"https:\/\/www.thulieu.com\/?page_id=1956","title":{"rendered":"V\u1ebc V\u1edcI"},"content":{"rendered":"<div class=\"one\" >\n<div class=\"page_content_wrapper\">\n<div class=\"inner\">\n<h2 class=\"ppb_title\">Duy\u00ean V\u1edbi Ngh\u1ec1 hay&#8230; Nghi\u1ec7p \ud83d\ude42<\/h2>\n<p>Ch\u1eb3ng bao gi\u1edd t\u00f4i ngh\u0129 m\u00ecnh s\u1ebd th\u00e0nh ho\u1ea1 s\u0129, d\u1ea7u t\u00f4i r\u1ea5t th\u00edch nh\u1eefng g\u00ec v\u1ec1 m\u1ef9 thu\u1eadt. T\u00f4i th\u01b0\u1eddng ngh\u0129 \u201cai v\u1ebd c\u0169ng \u0111\u01b0\u1ee3c, b\u1edfi ngh\u1ec7 thu\u1eadt c\u0169ng nh\u01b0 c\u00e1i \u0111\u1eb9p t\u00f9y theo c\u00e1i nh\u00ecn c\u1ee7a m\u1ed7i ng\u01b0\u1eddi\u201d. A, c\u00e1c anh b\u1ea1n tr\u01b0\u1eddng Ki\u1ebfn Tr\u00fac c\u00f2n\u2026 ch\u00ea m\u1ea5y b\u1ee9c tranh t\u00f4i v\u1ebd x\u01b0a kia n\u1eefa l\u00e0. M\u00e0 th\u1eadt ra cho \u0111\u1ebfn b\u00e2y gi\u1edd sau bao nhi\u00eau n\u0103m d\u00f9ng n\u0103ng khi\u1ebfu c\u00f9ng h\u1ecdc v\u1ea5n \u0111\u1ec3 l\u00e0m vi\u1ec7c th\u1eadt th\u1ee5 v\u00e0 chuy\u00ean nghi\u1ec7p \u0111\u1ec3 ki\u1ebfm c\u01a1m c\u00f9ng pasta, t\u00f4i v\u1eabn nghe nh\u01b0 gi\u00f3 tho\u1ea3ng tai khi b\u1ea1n b\u00e8 g\u1ecdi m\u00ecnh l\u00e0 \u201ch\u1ecda s\u0129\u201d. C\u00f3 l\u1eafm khi c\u00f2n t\u1ef1 g\u1ecdi m\u00ecnh l\u00e0 \u201ch\u1ecda s\u0129\u2026 \u0111\u00f3i\u201d :). Kh\u00f4ng \u0111\u00f3i sao \u0111\u01b0\u1ee3c, m\u00ecnh ng\u1ed3i r\u1ecb m\u1ecd c\u1ea3 bu\u1ed5i m\u1edbi cho ra \u0111\u01b0\u1ee3c m\u1ed9t b\u1ee9c tranh trong khi \u00f4ng Tr\u1ea1ng Qu\u1ef3nh, ch\u01b0a xong ba h\u1ed3i tr\u1ed1ng, \u00f4ng Tr\u1ea1ng \u0111\u00e3 v\u1ebd xong nh\u1eefng 10 con\u2026 giun!<\/p>\n<p><center><a class=\"button small center\" onclick=\"window.open('https:\/\/www.thulieu.com\/?p=3256', '_self')\">\u0110\u1ecdc ti\u1ebfp \u1edf \u0111\u00e2y<\/a><\/center><\/p>\n<\/div>\n<\/div>\n<\/div>\n<div class=\"one ppb_galleries\" >\n<div class=\"page_content_wrapper\">\n<div class=\"inner\">\n<h2 class=\"ppb_title\">Paintings<\/h2>\n<div class=\"blog_grid_wrapper\">\n<div class=\"wall_entry type-post post gallery masonry element\">\n<div class=\"image_grid_frame\">\n<div class=\"wall_thumbnail post_archive\">\n\t\t\t\t    \t<a href=\"https:\/\/www.thulieu.com\/?galleries=mixed-media\" class=\"gallery_wrapper\"><br \/>\n\t\t\t\t    \t\t<img decoding=\"async\" src=\"https:\/\/www.thulieu.com\/wp-content\/uploads\/2024\/02\/Old_drawing_027-485x485.jpg\" alt=\"\" class=\"portfolio_img static\"\/><\/p>\n<div class=\"mask transparent\">\n<div class=\"mask_frame\">\n<ul class=\"gallery_img_slides\">\n<li><img decoding=\"async\" src=\"https:\/\/www.thulieu.com\/wp-content\/uploads\/2024\/02\/Old_drawing_026-485x485.jpg\" alt=\"\" class=\"static\"\/><\/li>\n<li><img decoding=\"async\" src=\"https:\/\/www.thulieu.com\/wp-content\/uploads\/2024\/02\/Old_drawing_028-485x485.jpg\" alt=\"\" class=\"static\"\/><\/li>\n<li><img decoding=\"async\" src=\"https:\/\/www.thulieu.com\/wp-content\/uploads\/2024\/02\/Old_drawing_010-485x485.jpg\" alt=\"\" class=\"static\"\/><\/li>\n<li><img decoding=\"async\" src=\"https:\/\/www.thulieu.com\/wp-content\/uploads\/2024\/02\/Old_drawing_025-485x485.jpg\" alt=\"\" class=\"static\"\/><\/li>\n<li><img decoding=\"async\" src=\"https:\/\/www.thulieu.com\/wp-content\/uploads\/2024\/02\/Old_drawing_027-485x485.jpg\" alt=\"\" class=\"static\"\/><\/li>\n<\/ul>\n<\/div><\/div>\n<p>\t\t\t\t\t\t<\/a><br \/>\n\t\t\t\t\t\t<br class=\"clear\"\/><\/p>\n<h6>\u0110\u1ea1i Kh\u00e1i Tranh X\u01b0a<\/h6>\n<div class=\"gallery_excerpt\">\u1ede \u0111\u00e2y l\u00e0 nh\u1eefng b\u1ee9c tranh TL v\u1ebd &#8220;vu v\u01a1&#8221; t\u1eeb thu\u1edf c\u00f2n b\u00e9 t\u1eb9o 11-12 tu\u1ed5i. Tranh v\u1ebd l\u00fac \u0111\u01b0\u1ee3c \u0111i h\u1ecdc th\u00eam \u1edf ph\u00f2ng v\u1ebd t\u01b0 nh\u00e2n, sau nh\u1eefng bu\u1ed5i h\u1ecdc \u1edf trung h\u1ecdc Tr\u01b0ng V\u01b0\u01a1ng. TL \u0111\u00e3 h\u1ecdc th\u00eam c\u00e1ch v\u1ebd b\u1eb1ng ch\u00ec, b\u1eb1ng l\u1ecd ngh\u1ec7 c\u1ee7a d\u1ea7u \u0111\u1eadu ph\u1ee5ng (soots). H\u1ecdc c\u00e1ch v\u1ebd s\u01a1n d\u1ea7u tr\u00ean l\u1ee5a v\u00e0 v\u1ea3i b\u1ed1 (canvas). V\u00e0 m\u1ed9t v\u00e0i b\u1ee9c tranh \u0111\u1ea1i kh\u00e1i trong th\u1eddi c\u00f2n \u0111i h\u1ecdc&#8230; \u0111\u1ea1i \u1edf Hoa K\u1ef3. Nh\u1eefng t\u1ea5m tranh v\u1ebd b\u1eb1ng ch\u00ec v\u00e0 ch\u00ec m\u00e0u to\u00e0n tr\u00ean gi\u1ea5y &#8220;l\u1ee5m di\u00e0&#8221; t\u1eeb trong to\u00e0 \u0110\u1ea1i S\u1ee9 [&#8230;]<\/div>\n<\/p><\/div>\n<\/p><\/div>\n<\/div>\n<div class=\"wall_entry type-post post gallery masonry element\">\n<div class=\"image_grid_frame\">\n<div class=\"wall_thumbnail post_archive\">\n\t\t\t\t    \t<a href=\"https:\/\/www.thulieu.com\/?galleries=digital-paintings\" class=\"gallery_wrapper\"><br \/>\n\t\t\t\t    \t\t<img decoding=\"async\" src=\"https:\/\/www.thulieu.com\/wp-content\/uploads\/2024\/02\/Tet_con_rong_2024_001-485x485.jpg\" alt=\"\" class=\"portfolio_img static\"\/><\/p>\n<div class=\"mask transparent\">\n<div class=\"mask_frame\">\n<ul class=\"gallery_img_slides\">\n<li><img decoding=\"async\" src=\"https:\/\/www.thulieu.com\/wp-content\/uploads\/2024\/02\/Horse_Newyear_2014_001-485x485.png\" alt=\"\" class=\"static\"\/><\/li>\n<li><img decoding=\"async\" src=\"https:\/\/www.thulieu.com\/wp-content\/uploads\/2024\/02\/Horse_Newyear_2014_002-485x485.png\" alt=\"\" class=\"static\"\/><\/li>\n<li><img decoding=\"async\" src=\"https:\/\/www.thulieu.com\/wp-content\/uploads\/2024\/02\/Horse_Newyear_003-485x485.png\" alt=\"\" class=\"static\"\/><\/li>\n<li><img decoding=\"async\" src=\"https:\/\/www.thulieu.com\/wp-content\/uploads\/2024\/02\/Tet_AtMui_001-485x485.png\" alt=\"\" class=\"static\"\/><\/li>\n<li><img decoding=\"async\" src=\"https:\/\/www.thulieu.com\/wp-content\/uploads\/2024\/02\/Monkey_year_001-485x485.png\" alt=\"\" class=\"static\"\/><\/li>\n<\/ul>\n<\/div><\/div>\n<p>\t\t\t\t\t\t<\/a><br \/>\n\t\t\t\t\t\t<br class=\"clear\"\/><\/p>\n<h6>12 Con Gi\u00e1p &#8211; Tranh v\u1ebd b\u1eb1ng Photoshop<\/h6>\n<div class=\"gallery_excerpt\">This is a gallery for all the Zodiac symbols<\/div>\n<\/p><\/div>\n<\/p><\/div>\n<\/div>\n<div class=\"wall_entry type-post post gallery masonry element\">\n<div class=\"image_grid_frame\">\n<div class=\"wall_thumbnail post_archive\">\n\t\t\t\t    \t<a href=\"https:\/\/www.thulieu.com\/?galleries=tranh-hoa-ve-bang-photoshop\" class=\"gallery_wrapper\"><br \/>\n\t\t\t\t    \t\t<img decoding=\"async\" src=\"https:\/\/www.thulieu.com\/wp-content\/uploads\/2024\/03\/Daffodil_02-485x485.jpg\" alt=\"\" class=\"portfolio_img static\"\/><\/p>\n<div class=\"mask transparent\">\n<div class=\"mask_frame\">\n<ul class=\"gallery_img_slides\">\n<li><img decoding=\"async\" src=\"https:\/\/www.thulieu.com\/wp-content\/uploads\/2024\/03\/Daffodil_02-485x485.jpg\" alt=\"\" class=\"static\"\/><\/li>\n<li><img decoding=\"async\" src=\"https:\/\/www.thulieu.com\/wp-content\/uploads\/2024\/03\/Lily_of_Valley_003-485x485.jpg\" alt=\"\" class=\"static\"\/><\/li>\n<li><img decoding=\"async\" src=\"https:\/\/www.thulieu.com\/wp-content\/uploads\/2024\/03\/Ivy_geranium_002_sm-485x485.jpg\" alt=\"\" class=\"static\"\/><\/li>\n<li><img decoding=\"async\" src=\"https:\/\/www.thulieu.com\/wp-content\/uploads\/2024\/03\/Poppy_002_sm-485x485.jpg\" alt=\"\" class=\"static\"\/><\/li>\n<li><img decoding=\"async\" src=\"https:\/\/www.thulieu.com\/wp-content\/uploads\/2024\/03\/White_Daysy_02_sm-485x485.jpg\" alt=\"\" class=\"static\"\/><\/li>\n<\/ul>\n<\/div><\/div>\n<p>\t\t\t\t\t\t<\/a><br \/>\n\t\t\t\t\t\t<br class=\"clear\"\/><\/p>\n<h6>Tranh Hoa V\u1ebd B\u1eb1ng Photoshop<\/h6>\n<div class=\"gallery_excerpt\"><\/div>\n<\/p><\/div>\n<\/p><\/div>\n<\/div>\n<div class=\"wall_entry type-post post gallery masonry element\">\n<div class=\"image_grid_frame\">\n<div class=\"wall_thumbnail post_archive\">\n\t\t\t\t    \t<a href=\"https:\/\/www.thulieu.com\/?galleries=tranh-mau-nuoc\" class=\"gallery_wrapper\"><br \/>\n\t\t\t\t    \t\t<img decoding=\"async\" src=\"https:\/\/www.thulieu.com\/wp-content\/uploads\/2024\/05\/Mermaid_4_yvonne_001-485x485.jpg\" alt=\"\" class=\"portfolio_img static\"\/><\/p>\n<div class=\"mask transparent\">\n<div class=\"mask_frame\">\n<ul class=\"gallery_img_slides\">\n<li><img decoding=\"async\" src=\"https:\/\/www.thulieu.com\/wp-content\/uploads\/2024\/05\/Mermaid_4_yvonne_001-485x485.jpg\" alt=\"\" class=\"static\"\/><\/li>\n<\/ul>\n<\/div><\/div>\n<p>\t\t\t\t\t\t<\/a><br \/>\n\t\t\t\t\t\t<br class=\"clear\"\/><\/p>\n<h6>Tranh M\u00e0u N\u01b0\u1edbc<\/h6>\n<div class=\"gallery_excerpt\"><\/div>\n<\/p><\/div>\n<\/p><\/div>\n<\/div>\n<\/div>\n<\/div>\n<\/div>\n<\/div>\n","protected":false},"excerpt":{"rendered":"<p>Duy\u00ean V\u1edbi Ngh\u1ec1 hay&#8230; Nghi\u1ec7p \ud83d\ude42 Ch\u1eb3ng bao gi\u1edd t\u00f4i ngh\u0129 m\u00ecnh s\u1ebd th\u00e0nh ho\u1ea1 s\u0129, d\u1ea7u t\u00f4i r\u1ea5t th\u00edch nh\u1eefng g\u00ec v\u1ec1 m\u1ef9 thu\u1eadt. T\u00f4i th\u01b0\u1eddng ngh\u0129 \u201cai v\u1ebd c\u0169ng \u0111\u01b0\u1ee3c, b\u1edfi ngh\u1ec7 thu\u1eadt c\u0169ng nh\u01b0 c\u00e1i \u0111\u1eb9p t\u00f9y theo c\u00e1i nh\u00ecn c\u1ee7a m\u1ed7i ng\u01b0\u1eddi\u201d. A, c\u00e1c anh b\u1ea1n tr\u01b0\u1eddng Ki\u1ebfn Tr\u00fac c\u00f2n\u2026 ch\u00ea [&hellip;]<\/p>\n","protected":false},"author":1,"featured_media":0,"parent":0,"menu_order":0,"comment_status":"closed","ping_status":"closed","template":"","meta":{"_exactmetrics_skip_tracking":false,"_exactmetrics_sitenote_active":false,"_exactmetrics_sitenote_note":"","_exactmetrics_sitenote_category":0,"footnotes":""},"class_list":["post-1956","page","type-page","status-publish","hentry"],"_links":{"self":[{"href":"https:\/\/www.thulieu.com\/index.php?rest_route=\/wp\/v2\/pages\/1956","targetHints":{"allow":["GET"]}}],"collection":[{"href":"https:\/\/www.thulieu.com\/index.php?rest_route=\/wp\/v2\/pages"}],"about":[{"href":"https:\/\/www.thulieu.com\/index.php?rest_route=\/wp\/v2\/types\/page"}],"author":[{"embeddable":true,"href":"https:\/\/www.thulieu.com\/index.php?rest_route=\/wp\/v2\/users\/1"}],"replies":[{"embeddable":true,"href":"https:\/\/www.thulieu.com\/index.php?rest_route=%2Fwp%2Fv2%2Fcomments&post=1956"}],"version-history":[{"count":31,"href":"https:\/\/www.thulieu.com\/index.php?rest_route=\/wp\/v2\/pages\/1956\/revisions"}],"predecessor-version":[{"id":4405,"href":"https:\/\/www.thulieu.com\/index.php?rest_route=\/wp\/v2\/pages\/1956\/revisions\/4405"}],"wp:attachment":[{"href":"https:\/\/www.thulieu.com\/index.php?rest_route=%2Fwp%2Fv2%2Fmedia&parent=1956"}],"curies":[{"name":"wp","href":"https:\/\/api.w.org\/{rel}","templated":true}]}}