{"id":1825,"date":"2023-06-28T19:22:53","date_gmt":"2023-06-28T19:22:53","guid":{"rendered":"https:\/\/www.thulieu.com\/?page_id=1825"},"modified":"2024-07-05T11:18:17","modified_gmt":"2024-07-05T18:18:17","slug":"lieu-homepage","status":"publish","type":"page","link":"https:\/\/www.thulieu.com\/","title":{"rendered":"Lieu Homepage"},"content":{"rendered":"<div class=\"one\" >\n<div class=\"slider_wrapper\" data-autoplay=\"1\" data-timer=\"\">\n<div class=\"flexslider\" data-height=\"750\">\n<ul class=\"slides\">\n<li><img decoding=\"async\" src=\"https:\/\/www.thulieu.com\/wp-content\/uploads\/2014\/11\/Homepage_image_001_sm.jpg\" alt=\"\"\/><\/li>\n<\/ul>\n<\/div>\n<\/div>\n<\/div>\n<div class=\"one\" >\n<div class=\"page_content_wrapper\">\n<div class=\"inner\">\n<h2 class=\"ppb_title\">Blog Posts<\/h2>\n<div class=\"blog_grid_wrapper\">\n<div id=\"post-4261\" class=\"post type-post\">\n<div class=\"post_wrapper grid_layout\">\n<div class=\"post_img\">\n\t\t\t\t\t    <a href=\"https:\/\/www.thulieu.com\/?p=4261\"><br \/>\n\t\t\t\t\t    \t<img decoding=\"async\" src=\"https:\/\/www.thulieu.com\/wp-content\/uploads\/2024\/07\/DC_026-485x485.jpg\" alt=\"\" class=\"\"\/><br \/>\n\t\t\t\t\t    <\/a>\n\t\t\t\t\t<\/div>\n<div class=\"post_header grid_layout\">\n<div class=\"post_subtitle\"><a href=\"https:\/\/www.thulieu.com\/?cat=3\">Photography<\/a>&nbsp;<a href=\"https:\/\/www.thulieu.com\/?cat=4\">Travel<\/a>&nbsp;<a href=\"https:\/\/www.thulieu.com\/?cat=44\">USA<\/a>&nbsp;<\/div>\n<h5><a href=\"https:\/\/www.thulieu.com\/?p=4261\" title=\"Washington D.C.\">Washington D.C.<\/a><\/h5>\n<div class=\"post_detail\">July 4, 2024&nbsp;by&nbsp;<a href=\"http:\/\/www.thulieu.com\">Thu-Lieu<\/a>&nbsp;<\/div>\n<\/div>\n<p><br class=\"clear\"\/><br \/>Happy July 4th!<\/p>\n<p>\n\t\t\t\t    \t\t<a class=\"readmore button transparent\" href=\"https:\/\/www.thulieu.com\/?p=4261\">Read More<\/a>\n\t\t\t    <\/div>\n<\/p><\/div>\n<div id=\"post-4242\" class=\"post type-post\">\n<div class=\"post_wrapper grid_layout\">\n<div class=\"post_img\">\n\t\t\t\t\t    <a href=\"https:\/\/www.thulieu.com\/?p=4242\"><br \/>\n\t\t\t\t\t    \t<img decoding=\"async\" src=\"https:\/\/www.thulieu.com\/wp-content\/uploads\/2024\/07\/Rigatoni_009-485x485.jpg\" alt=\"\" class=\"\"\/><br \/>\n\t\t\t\t\t    <\/a>\n\t\t\t\t\t<\/div>\n<div class=\"post_header grid_layout\">\n<div class=\"post_subtitle\"><a href=\"https:\/\/www.thulieu.com\/?cat=30\">Abra-ca-Dish-ra<\/a>&nbsp;<\/div>\n<h5><a href=\"https:\/\/www.thulieu.com\/?p=4242\" title=\"Rigatoni &#8211; Nu\u00f4i S\u1ed1t Ki\u1ec3u \u00dd \u0110\u1ea1i L\u1ee3i\">Rigatoni &#8211; Nu\u00f4i S\u1ed1t Ki\u1ec3u \u00dd \u0110\u1ea1i L\u1ee3i<\/a><\/h5>\n<div class=\"post_detail\">July 1, 2024&nbsp;by&nbsp;<a href=\"http:\/\/www.thulieu.com\">Thu-Lieu<\/a>&nbsp;<\/div>\n<\/div>\n<p><br class=\"clear\"\/><br \/>Me th\u01b0\u1eddng xuy\u00ean thay \u0111\u1ed5i \u0111\u1ec3 th\u1ee9c \u0103n m\u1ed7i ng\u00e0y lu\u00f4n c\u00f3 rau c\u1ee7, v\u00e0 chen l\u1eabn v\u1edbi&#8230;<\/p>\n<p>\n\t\t\t\t    \t\t<a class=\"readmore button transparent\" href=\"https:\/\/www.thulieu.com\/?p=4242\">Read More<\/a>\n\t\t\t    <\/div>\n<\/p><\/div>\n<div id=\"post-1900\" class=\"post type-post\">\n<div class=\"post_wrapper grid_layout\">\n<div class=\"post_img\">\n\t\t\t\t\t    <a href=\"https:\/\/www.thulieu.com\/?p=1900\"><br \/>\n\t\t\t\t\t    \t<img decoding=\"async\" src=\"https:\/\/www.thulieu.com\/wp-content\/uploads\/2024\/06\/Poem_0026_nhan_gui_02-485x485.jpg\" alt=\"\" class=\"\"\/><br \/>\n\t\t\t\t\t    <\/a>\n\t\t\t\t\t<\/div>\n<div class=\"post_header grid_layout\">\n<div class=\"post_subtitle\"><a href=\"https:\/\/www.thulieu.com\/?cat=20\">Th\u01a1<\/a>&nbsp;<\/div>\n<h5><a href=\"https:\/\/www.thulieu.com\/?p=1900\" title=\"NH\u1eaeN G\u1eecI\">NH\u1eaeN G\u1eecI<\/a><\/h5>\n<div class=\"post_detail\">June 30, 2024&nbsp;by&nbsp;<a href=\"http:\/\/www.thulieu.com\">Thu-Lieu<\/a>&nbsp;<\/div>\n<\/div>\n<p><br class=\"clear\"\/><br \/>Khi anh v\u1ec1 nh\u1edb th\u0103m h\u1ed9 em nh\u1eefng con \u0111\u01b0\u1eddng c\u00f3 l\u00e1 me v\u01b0\u01a1ng nh\u1eefng c\u00e1nh l\u00e1 be b\u00e9 xinh&#8230;<\/p>\n<p>\n\t\t\t\t    \t\t<a class=\"readmore button transparent\" href=\"https:\/\/www.thulieu.com\/?p=1900\">Read More<\/a>\n\t\t\t    <\/div>\n<\/p><\/div>\n<div id=\"post-2179\" class=\"post type-post\">\n<div class=\"post_wrapper grid_layout\">\n<div class=\"post_img\">\n\t\t\t\t\t    <a href=\"https:\/\/www.thulieu.com\/?p=2179\"><br \/>\n\t\t\t\t\t    \t<img decoding=\"async\" src=\"https:\/\/www.thulieu.com\/wp-content\/uploads\/2024\/03\/Poem_0052_tho_vui_dieu_bong-485x485.jpg\" alt=\"\" class=\"\"\/><br \/>\n\t\t\t\t\t    <\/a>\n\t\t\t\t\t<\/div>\n<div class=\"post_header grid_layout\">\n<div class=\"post_subtitle\"><a href=\"https:\/\/www.thulieu.com\/?cat=20\">Th\u01a1<\/a>&nbsp;<a href=\"https:\/\/www.thulieu.com\/?cat=68\">Th\u01a1 Vui Th\u01a1 T\u1ebfu<\/a>&nbsp;<\/div>\n<h5><a href=\"https:\/\/www.thulieu.com\/?p=2179\" title=\"DI\u00caU B\u00d4NG\">DI\u00caU B\u00d4NG<\/a><\/h5>\n<div class=\"post_detail\">June 26, 2024&nbsp;by&nbsp;<a href=\"http:\/\/www.thulieu.com\">Thu-Lieu<\/a>&nbsp;<\/div>\n<\/div>\n<p><br class=\"clear\"\/><br \/>Di\u00eau b\u00f4ng em&#8230; c\u00f3, ai mua kh\u00f4ng? \u0110em v\u1ec1 ch\u01b0a t\u1eb7ng c\u0169ng n\u00ean tr\u1ed3ng M\u1ed1t mai t\u00ecm \u0111\u01b0\u1ee3c&#8230;<\/p>\n<p>\n\t\t\t\t    \t\t<a class=\"readmore button transparent\" href=\"https:\/\/www.thulieu.com\/?p=2179\">Read More<\/a>\n\t\t\t    <\/div>\n<\/p><\/div>\n<div id=\"post-4198\" class=\"post type-post\">\n<div class=\"post_wrapper grid_layout\">\n<div class=\"post_img\">\n\t\t\t\t\t    <a href=\"https:\/\/www.thulieu.com\/?p=4198\"><br \/>\n\t\t\t\t\t    \t<img decoding=\"async\" src=\"https:\/\/www.thulieu.com\/wp-content\/uploads\/2024\/06\/Lieu_Grapes_002A-485x485.jpg\" alt=\"\" class=\"\"\/><br \/>\n\t\t\t\t\t    <\/a>\n\t\t\t\t\t<\/div>\n<div class=\"post_header grid_layout\">\n<div class=\"post_subtitle\"><a href=\"https:\/\/www.thulieu.com\/?cat=3\">Photography<\/a>&nbsp;<a href=\"https:\/\/www.thulieu.com\/?cat=22\">T\u00f9y B\u00fat<\/a>&nbsp;<\/div>\n<h5><a href=\"https:\/\/www.thulieu.com\/?p=4198\" title=\"C\u1ee7a M\u00f9a Thu C\u0169\">C\u1ee7a M\u00f9a Thu C\u0169<\/a><\/h5>\n<div class=\"post_detail\">June 25, 2024&nbsp;by&nbsp;<a href=\"http:\/\/www.thulieu.com\">Thu-Lieu<\/a>&nbsp;<\/div>\n<\/div>\n<p><br class=\"clear\"\/><br \/>Th\u1eddi ti\u1ebft \u0111ang n\u00f3ng d\u1ea7n theo m\u00f9a, Ph\u1ed1 Bi\u1ec3n v\u1eabn 75\u00b0F m\u00e0 \u0111\u00e3 th\u1ea5y kh\u00f3 ch\u1ecbu. C\u00f3 l\u1ebd&#8230;<\/p>\n<p>\n\t\t\t\t    \t\t<a class=\"readmore button transparent\" href=\"https:\/\/www.thulieu.com\/?p=4198\">Read More<\/a>\n\t\t\t    <\/div>\n<\/p><\/div>\n<div id=\"post-2198\" class=\"post type-post\">\n<div class=\"post_wrapper grid_layout\">\n<div class=\"post_img\">\n\t\t\t\t\t    <a href=\"https:\/\/www.thulieu.com\/?p=2198\"><br \/>\n\t\t\t\t\t    \t<img decoding=\"async\" src=\"https:\/\/www.thulieu.com\/wp-content\/uploads\/2024\/06\/Poem_0057_nhac_nho-485x485.jpg\" alt=\"\" class=\"\"\/><br \/>\n\t\t\t\t\t    <\/a>\n\t\t\t\t\t<\/div>\n<div class=\"post_header grid_layout\">\n<div class=\"post_subtitle\"><a href=\"https:\/\/www.thulieu.com\/?cat=20\">Th\u01a1<\/a>&nbsp;<\/div>\n<h5><a href=\"https:\/\/www.thulieu.com\/?p=2198\" title=\"NH\u1eaeC NH\u1ede\">NH\u1eaeC NH\u1ede<\/a><\/h5>\n<div class=\"post_detail\">June 23, 2024&nbsp;by&nbsp;<a href=\"http:\/\/www.thulieu.com\">Thu-Lieu<\/a>&nbsp;<\/div>\n<\/div>\n<p><br class=\"clear\"\/><br \/>Qu\u00e2n v\u01b0\u01a1ng \u01a1iii, tim h\u1eadu \u0111\u00e2y b\u00e9 t\u00ed Ch\u1ec9 \u0111\u1ec3 y\u00eau v\u00e0&#8230; ghen m\u1ed9t ch\u00fat th\u00f4i S\u1ee3&#8230;<\/p>\n<p>\n\t\t\t\t    \t\t<a class=\"readmore button transparent\" href=\"https:\/\/www.thulieu.com\/?p=2198\">Read More<\/a>\n\t\t\t    <\/div>\n<\/p><\/div>\n<div id=\"post-4168\" class=\"post type-post\">\n<div class=\"post_wrapper grid_layout\">\n<div class=\"post_img\">\n\t\t\t\t\t    <a href=\"https:\/\/www.thulieu.com\/?p=4168\"><br \/>\n\t\t\t\t\t    \t<img decoding=\"async\" src=\"https:\/\/www.thulieu.com\/wp-content\/uploads\/2024\/06\/Bun_cha_ha_noi-485x485.jpg\" alt=\"\" class=\"\"\/><br \/>\n\t\t\t\t\t    <\/a>\n\t\t\t\t\t<\/div>\n<div class=\"post_header grid_layout\">\n<div class=\"post_subtitle\"><a href=\"https:\/\/www.thulieu.com\/?cat=30\">Abra-ca-Dish-ra<\/a>&nbsp;<a href=\"https:\/\/www.thulieu.com\/?cat=22\">T\u00f9y B\u00fat<\/a>&nbsp;<\/div>\n<h5><a href=\"https:\/\/www.thulieu.com\/?p=4168\" title=\"B\u00fan Ch\u1ea3 H\u00e0 N\u1ed9i\">B\u00fan Ch\u1ea3 H\u00e0 N\u1ed9i<\/a><\/h5>\n<div class=\"post_detail\">June 20, 2024&nbsp;by&nbsp;<a href=\"http:\/\/www.thulieu.com\">Thu-Lieu<\/a>&nbsp;<\/div>\n<\/div>\n<p><br class=\"clear\"\/><br \/>Th\u01b0\u1eddng Me hay l\u00e0m b\u00fan th\u1ecbt n\u01b0\u1edbng, c\u00f3 t\u00f4m n\u01b0\u1edbng k\u00e8m theo ch\u1ea3 gi\u00f2 khi si\u00eang. B\u00fan th\u1ecbt&#8230;<\/p>\n<p>\n\t\t\t\t    \t\t<a class=\"readmore button transparent\" href=\"https:\/\/www.thulieu.com\/?p=4168\">Read More<\/a>\n\t\t\t    <\/div>\n<\/p><\/div>\n<div id=\"post-2171\" class=\"post type-post\">\n<div class=\"post_wrapper grid_layout\">\n<div class=\"post_img\">\n\t\t\t\t\t    <a href=\"https:\/\/www.thulieu.com\/?p=2171\"><br \/>\n\t\t\t\t\t    \t<img decoding=\"async\" src=\"https:\/\/www.thulieu.com\/wp-content\/uploads\/2024\/03\/Poem_0051_nhung_ly_ca_phe-485x485.jpg\" alt=\"\" class=\"\"\/><br \/>\n\t\t\t\t\t    <\/a>\n\t\t\t\t\t<\/div>\n<div class=\"post_header grid_layout\">\n<div class=\"post_subtitle\"><a href=\"https:\/\/www.thulieu.com\/?cat=1\">Uncategorized<\/a>&nbsp;<\/div>\n<h5><a href=\"https:\/\/www.thulieu.com\/?p=2171\" title=\"NH\u1eeeNG LY C\u00c0 PH\u00ca\">NH\u1eeeNG LY C\u00c0 PH\u00ca<\/a><\/h5>\n<div class=\"post_detail\">June 16, 2024&nbsp;by&nbsp;<a href=\"http:\/\/www.thulieu.com\">Thu-Lieu<\/a>&nbsp;<\/div>\n<\/div>\n<p><br class=\"clear\"\/><br \/>Ch\u00fang t\u00f4i ng\u1ed3i b\u00ean nhau Nh\u00e2m nhi c\u00e0 ph\u00ea m\u1edbi Trong \u00e1nh r\u1ecdi b\u00ecnh minh Gi\u1eefa \u0111\u00eam v\u1eafng&#8230;<\/p>\n<p>\n\t\t\t\t    \t\t<a class=\"readmore button transparent\" href=\"https:\/\/www.thulieu.com\/?p=2171\">Read More<\/a>\n\t\t\t    <\/div>\n<\/p><\/div>\n<div id=\"post-4142\" class=\"post type-post\">\n<div class=\"post_wrapper grid_layout\">\n<div class=\"post_img\">\n\t\t\t\t\t    <a href=\"https:\/\/www.thulieu.com\/?p=4142\"><br \/>\n\t\t\t\t\t    \t<img decoding=\"async\" src=\"https:\/\/www.thulieu.com\/wp-content\/uploads\/2024\/06\/Thoi_gian_001-485x485.jpg\" alt=\"\" class=\"\"\/><br \/>\n\t\t\t\t\t    <\/a>\n\t\t\t\t\t<\/div>\n<div class=\"post_header grid_layout\">\n<div class=\"post_subtitle\"><a href=\"https:\/\/www.thulieu.com\/?cat=22\">T\u00f9y B\u00fat<\/a>&nbsp;<a href=\"https:\/\/www.thulieu.com\/?cat=21\">V\u0103n<\/a>&nbsp;<\/div>\n<h5><a href=\"https:\/\/www.thulieu.com\/?p=4142\" title=\"Chi\u1ebfc C\u00f2ng V\u00f4 H\u00ecnh\">Chi\u1ebfc C\u00f2ng V\u00f4 H\u00ecnh<\/a><\/h5>\n<div class=\"post_detail\">June 13, 2024&nbsp;by&nbsp;<a href=\"http:\/\/www.thulieu.com\">Thu-Lieu<\/a>&nbsp;<\/div>\n<\/div>\n<p><br class=\"clear\"\/><br \/>Bu\u1ed5i s\u00e1ng trong nh\u1eefng n\u0103m g\u1ea7n \u0111\u00e2y, d\u1ea7u \u0111\u00f4i l\u00fac c\u00f3 nhi\u1ec1u vi\u1ec7c c\u1ea7n ph\u1ea3i l\u00e0m cho k\u1ecbp&#8230;<\/p>\n<p>\n\t\t\t\t    \t\t<a class=\"readmore button transparent\" href=\"https:\/\/www.thulieu.com\/?p=4142\">Read More<\/a>\n\t\t\t    <\/div>\n<\/p><\/div>\n<\/div>\n<p><br class=\"clear\"\/><\/div>\n<\/div>\n<\/div>\n<div class=\"one\" >\n<div class=\"page_content_wrapper\">\n<div class=\"inner\">\n<p><center><a class=\"button small center\" onclick=\"window.open('https:\/\/www.thulieu.com\/?page_id=1837', '_self')\">Xem T\u1ea5t C\u1ea3 C\u00e1c B\u00e0i Vi\u1ebft<\/a><\/center><\/p>\n<\/div>\n<\/div>\n<\/div>\n","protected":false},"excerpt":{"rendered":"<p>Blog Posts Photography&nbsp;Travel&nbsp;USA&nbsp; Washington D.C. July 4, 2024&nbsp;by&nbsp;Thu-Lieu&nbsp; Happy July 4th! Read More Abra-ca-Dish-ra&nbsp; Rigatoni &#8211; Nu\u00f4i S\u1ed1t Ki\u1ec3u \u00dd \u0110\u1ea1i L\u1ee3i July 1, 2024&nbsp;by&nbsp;Thu-Lieu&nbsp; Me th\u01b0\u1eddng xuy\u00ean thay \u0111\u1ed5i \u0111\u1ec3 th\u1ee9c \u0103n m\u1ed7i ng\u00e0y lu\u00f4n c\u00f3 rau c\u1ee7, v\u00e0 chen l\u1eabn v\u1edbi&#8230; Read More Th\u01a1&nbsp; NH\u1eaeN G\u1eecI June 30, 2024&nbsp;by&nbsp;Thu-Lieu&nbsp; Khi anh v\u1ec1 nh\u1edb [&hellip;]<\/p>\n","protected":false},"author":1,"featured_media":0,"parent":0,"menu_order":0,"comment_status":"closed","ping_status":"closed","template":"","meta":{"_exactmetrics_skip_tracking":false,"_exactmetrics_sitenote_active":false,"_exactmetrics_sitenote_note":"","_exactmetrics_sitenote_category":0,"footnotes":""},"class_list":["post-1825","page","type-page","status-publish","hentry"],"_links":{"self":[{"href":"https:\/\/www.thulieu.com\/index.php?rest_route=\/wp\/v2\/pages\/1825","targetHints":{"allow":["GET"]}}],"collection":[{"href":"https:\/\/www.thulieu.com\/index.php?rest_route=\/wp\/v2\/pages"}],"about":[{"href":"https:\/\/www.thulieu.com\/index.php?rest_route=\/wp\/v2\/types\/page"}],"author":[{"embeddable":true,"href":"https:\/\/www.thulieu.com\/index.php?rest_route=\/wp\/v2\/users\/1"}],"replies":[{"embeddable":true,"href":"https:\/\/www.thulieu.com\/index.php?rest_route=%2Fwp%2Fv2%2Fcomments&post=1825"}],"version-history":[{"count":24,"href":"https:\/\/www.thulieu.com\/index.php?rest_route=\/wp\/v2\/pages\/1825\/revisions"}],"predecessor-version":[{"id":4322,"href":"https:\/\/www.thulieu.com\/index.php?rest_route=\/wp\/v2\/pages\/1825\/revisions\/4322"}],"wp:attachment":[{"href":"https:\/\/www.thulieu.com\/index.php?rest_route=%2Fwp%2Fv2%2Fmedia&parent=1825"}],"curies":[{"name":"wp","href":"https:\/\/api.w.org\/{rel}","templated":true}]}}